{"id":173,"date":"2024-02-25T04:18:56","date_gmt":"2024-02-25T03:18:56","guid":{"rendered":"https:\/\/fundaciontantakuy.org\/?page_id=173"},"modified":"2024-02-26T04:04:36","modified_gmt":"2024-02-26T03:04:36","slug":"informes","status":"publish","type":"page","link":"https:\/\/fundaciontantakuy.org\/index.php\/informes\/","title":{"rendered":"Informes"},"content":{"rendered":"\t\t<div data-elementor-type=\"wp-page\" data-elementor-id=\"173\" class=\"elementor elementor-173\" data-elementor-post-type=\"page\">\n\t\t\t\t<div class=\"elementor-element elementor-element-221783c e-flex e-con-boxed e-con e-parent\" data-id=\"221783c\" data-element_type=\"container\" data-settings=\"{&quot;content_width&quot;:&quot;boxed&quot;}\" data-core-v316-plus=\"true\">\n\t\t\t\t\t<div class=\"e-con-inner\">\n\t\t\t\t<div class=\"elementor-element elementor-element-91235df elementor-widget elementor-widget-heading\" data-id=\"91235df\" data-element_type=\"widget\" data-widget_type=\"heading.default\">\n\t\t\t\t<div class=\"elementor-widget-container\">\n\t\t\t<style>\/*! elementor - v3.19.0 - 07-02-2024 *\/\n.elementor-heading-title{padding:0;margin:0;line-height:1}.elementor-widget-heading .elementor-heading-title[class*=elementor-size-]>a{color:inherit;font-size:inherit;line-height:inherit}.elementor-widget-heading .elementor-heading-title.elementor-size-small{font-size:15px}.elementor-widget-heading .elementor-heading-title.elementor-size-medium{font-size:19px}.elementor-widget-heading .elementor-heading-title.elementor-size-large{font-size:29px}.elementor-widget-heading .elementor-heading-title.elementor-size-xl{font-size:39px}.elementor-widget-heading .elementor-heading-title.elementor-size-xxl{font-size:59px}<\/style><h1 class=\"elementor-heading-title elementor-size-default\">Informes| Textos<\/h1>\t\t<\/div>\n\t\t\t\t<\/div>\n\t\t\t\t<div class=\"elementor-element elementor-element-0b5ea97 elementor-widget elementor-widget-heading\" data-id=\"0b5ea97\" data-element_type=\"widget\" data-widget_type=\"heading.default\">\n\t\t\t\t<div class=\"elementor-widget-container\">\n\t\t\t<h2 class=\"elementor-heading-title elementor-size-default\">Encuentra los mejores y mas actualizados informes sobre educaci\u00f3n aqui.<\/h2>\t\t<\/div>\n\t\t\t\t<\/div>\n\t\t\t\t\t<\/div>\n\t\t\t\t<\/div>\n\t\t<div class=\"elementor-element elementor-element-0990000 e-flex e-con-boxed e-con e-parent\" data-id=\"0990000\" data-element_type=\"container\" data-settings=\"{&quot;content_width&quot;:&quot;boxed&quot;}\" data-core-v316-plus=\"true\">\n\t\t\t\t\t<div class=\"e-con-inner\">\n\t\t\t\t<div class=\"elementor-element elementor-element-cab501e elementor-grid-3 elementor-grid-tablet-2 elementor-grid-mobile-1 elementor-widget elementor-widget-loop-grid\" data-id=\"cab501e\" data-element_type=\"widget\" data-settings=\"{&quot;template_id&quot;:462,&quot;columns&quot;:3,&quot;masonry&quot;:&quot;yes&quot;,&quot;_skin&quot;:&quot;post&quot;,&quot;columns_tablet&quot;:&quot;2&quot;,&quot;columns_mobile&quot;:&quot;1&quot;,&quot;edit_handle_selector&quot;:&quot;[data-elementor-type=\\&quot;loop-item\\&quot;]&quot;,&quot;row_gap&quot;:{&quot;unit&quot;:&quot;px&quot;,&quot;size&quot;:&quot;&quot;,&quot;sizes&quot;:[]},&quot;row_gap_tablet&quot;:{&quot;unit&quot;:&quot;px&quot;,&quot;size&quot;:&quot;&quot;,&quot;sizes&quot;:[]},&quot;row_gap_mobile&quot;:{&quot;unit&quot;:&quot;px&quot;,&quot;size&quot;:&quot;&quot;,&quot;sizes&quot;:[]}}\" data-widget_type=\"loop-grid.post\">\n\t\t\t\t<div class=\"elementor-widget-container\">\n\t\t\t<link rel=\"stylesheet\" href=\"https:\/\/fundaciontantakuy.org\/wp-content\/plugins\/elementor-pro\/assets\/css\/widget-loop-builder.min.css\">\t\t<div class=\"elementor-loop-container elementor-grid\">\n\t\t<style id=\"loop-462\">.elementor-462 .elementor-element.elementor-element-cde0865{--display:flex;--background-transition:0.3s;}.elementor-462 .elementor-element.elementor-element-4488cc6 img{height:207px;object-fit:cover;object-position:center center;}.elementor-462 .elementor-element.elementor-element-08444c7 .elementor-heading-title{color:var( --e-global-color-astglobalcolor2 );}.elementor-462 .elementor-element.elementor-element-113f3b6 .elementor-widget-container{color:var( --e-global-color-text );}.elementor-462 .elementor-element.elementor-element-2c3d0f5 .elementor-button{background-color:#FF9E5F;}<\/style>\t\t<div data-elementor-type=\"loop-item\" data-elementor-id=\"462\" class=\"elementor elementor-462 e-loop-item e-loop-item-284 post-284 post type-post status-publish format-standard has-post-thumbnail hentry category-informes-textos\" data-elementor-post-type=\"elementor_library\" data-custom-edit-handle=\"1\">\n\t\t\t<div class=\"elementor-element elementor-element-cde0865 e-flex e-con-boxed e-con e-parent\" data-id=\"cde0865\" data-element_type=\"container\" data-settings=\"{&quot;content_width&quot;:&quot;boxed&quot;}\" data-core-v316-plus=\"true\">\n\t\t\t\t\t<div class=\"e-con-inner\">\n\t\t\t\t<div class=\"elementor-element elementor-element-4488cc6 elementor-widget elementor-widget-theme-post-featured-image elementor-widget-image\" data-id=\"4488cc6\" data-element_type=\"widget\" data-widget_type=\"theme-post-featured-image.default\">\n\t\t\t\t<div class=\"elementor-widget-container\">\n\t\t\t<style>\/*! elementor - v3.19.0 - 07-02-2024 *\/\n.elementor-widget-image{text-align:center}.elementor-widget-image a{display:inline-block}.elementor-widget-image a img[src$=\".svg\"]{width:48px}.elementor-widget-image img{vertical-align:middle;display:inline-block}<\/style>\t\t\t\t\t\t\t\t\t\t<img fetchpriority=\"high\" decoding=\"async\" width=\"1024\" height=\"683\" src=\"https:\/\/fundaciontantakuy.org\/wp-content\/uploads\/2024\/02\/neom-bOMVTvE2QFU-unsplash-1024x683.jpg\" class=\"attachment-large size-large wp-image-285\" alt=\"\" srcset=\"https:\/\/fundaciontantakuy.org\/wp-content\/uploads\/2024\/02\/neom-bOMVTvE2QFU-unsplash-1024x683.jpg 1024w, https:\/\/fundaciontantakuy.org\/wp-content\/uploads\/2024\/02\/neom-bOMVTvE2QFU-unsplash-300x200.jpg 300w, https:\/\/fundaciontantakuy.org\/wp-content\/uploads\/2024\/02\/neom-bOMVTvE2QFU-unsplash-768x512.jpg 768w, https:\/\/fundaciontantakuy.org\/wp-content\/uploads\/2024\/02\/neom-bOMVTvE2QFU-unsplash-1536x1024.jpg 1536w, https:\/\/fundaciontantakuy.org\/wp-content\/uploads\/2024\/02\/neom-bOMVTvE2QFU-unsplash-2048x1365.jpg 2048w\" sizes=\"(max-width: 1024px) 100vw, 1024px\" \/>\t\t\t\t\t\t\t\t\t\t\t\t\t<\/div>\n\t\t\t\t<\/div>\n\t\t\t\t<div class=\"elementor-element elementor-element-08444c7 elementor-widget elementor-widget-theme-post-title elementor-page-title elementor-widget-heading\" data-id=\"08444c7\" data-element_type=\"widget\" data-widget_type=\"theme-post-title.default\">\n\t\t\t\t<div class=\"elementor-widget-container\">\n\t\t\t<h3 class=\"elementor-heading-title elementor-size-default\">tercer entrada de texto<\/h3>\t\t<\/div>\n\t\t\t\t<\/div>\n\t\t\t\t<div class=\"elementor-element elementor-element-113f3b6 elementor-widget elementor-widget-theme-post-excerpt\" data-id=\"113f3b6\" data-element_type=\"widget\" data-widget_type=\"theme-post-excerpt.default\">\n\t\t\t\t<div class=\"elementor-widget-container\">\n\t\t\tHay muchas variaciones de los pasajes de Lorem Ipsum disponibles, pero la mayor\u00eda sufri\u00f3 alteraciones en alguna manera, ya sea porque se le agreg\u00f3 humor, o palabras aleatorias que no\t\t<\/div>\n\t\t\t\t<\/div>\n\t\t\t\t<div class=\"elementor-element elementor-element-2c3d0f5 elementor-widget elementor-widget-button\" data-id=\"2c3d0f5\" data-element_type=\"widget\" data-widget_type=\"button.default\">\n\t\t\t\t<div class=\"elementor-widget-container\">\n\t\t\t\t\t<div class=\"elementor-button-wrapper\">\n\t\t\t<a class=\"elementor-button elementor-button-link elementor-size-sm\" href=\"https:\/\/fundaciontantakuy.org\/index.php\/2024\/02\/25\/tercer-entrada-de-texto\/\">\n\t\t\t\t\t\t<span class=\"elementor-button-content-wrapper\">\n\t\t\t\t\t\t<span class=\"elementor-button-text\">Leer mas...<\/span>\n\t\t<\/span>\n\t\t\t\t\t<\/a>\n\t\t<\/div>\n\t\t\t\t<\/div>\n\t\t\t\t<\/div>\n\t\t\t\t\t<\/div>\n\t\t\t\t<\/div>\n\t\t\t\t<\/div>\n\t\t\t\t<div data-elementor-type=\"loop-item\" data-elementor-id=\"462\" class=\"elementor elementor-462 e-loop-item e-loop-item-282 post-282 post type-post status-publish format-standard has-post-thumbnail hentry category-informes-textos\" data-elementor-post-type=\"elementor_library\" data-custom-edit-handle=\"1\">\n\t\t\t<div class=\"elementor-element elementor-element-cde0865 e-flex e-con-boxed e-con e-parent\" data-id=\"cde0865\" data-element_type=\"container\" data-settings=\"{&quot;content_width&quot;:&quot;boxed&quot;}\" data-core-v316-plus=\"true\">\n\t\t\t\t\t<div class=\"e-con-inner\">\n\t\t\t\t<div class=\"elementor-element elementor-element-4488cc6 elementor-widget elementor-widget-theme-post-featured-image elementor-widget-image\" data-id=\"4488cc6\" data-element_type=\"widget\" data-widget_type=\"theme-post-featured-image.default\">\n\t\t\t\t<div class=\"elementor-widget-container\">\n\t\t\t\t\t\t\t\t\t\t\t\t\t<img decoding=\"async\" width=\"683\" height=\"1024\" src=\"https:\/\/fundaciontantakuy.org\/wp-content\/uploads\/2024\/02\/neom-i60yUhfWeYI-unsplash-683x1024.jpg\" class=\"attachment-large size-large wp-image-273\" alt=\"\" srcset=\"https:\/\/fundaciontantakuy.org\/wp-content\/uploads\/2024\/02\/neom-i60yUhfWeYI-unsplash-683x1024.jpg 683w, https:\/\/fundaciontantakuy.org\/wp-content\/uploads\/2024\/02\/neom-i60yUhfWeYI-unsplash-200x300.jpg 200w, https:\/\/fundaciontantakuy.org\/wp-content\/uploads\/2024\/02\/neom-i60yUhfWeYI-unsplash-768x1152.jpg 768w, https:\/\/fundaciontantakuy.org\/wp-content\/uploads\/2024\/02\/neom-i60yUhfWeYI-unsplash-1024x1536.jpg 1024w, https:\/\/fundaciontantakuy.org\/wp-content\/uploads\/2024\/02\/neom-i60yUhfWeYI-unsplash-1365x2048.jpg 1365w, https:\/\/fundaciontantakuy.org\/wp-content\/uploads\/2024\/02\/neom-i60yUhfWeYI-unsplash-scaled.jpg 1707w\" sizes=\"(max-width: 683px) 100vw, 683px\" \/>\t\t\t\t\t\t\t\t\t\t\t\t\t<\/div>\n\t\t\t\t<\/div>\n\t\t\t\t<div class=\"elementor-element elementor-element-08444c7 elementor-widget elementor-widget-theme-post-title elementor-page-title elementor-widget-heading\" data-id=\"08444c7\" data-element_type=\"widget\" data-widget_type=\"theme-post-title.default\">\n\t\t\t\t<div class=\"elementor-widget-container\">\n\t\t\t<h3 class=\"elementor-heading-title elementor-size-default\">Segunda entrada de texto<\/h3>\t\t<\/div>\n\t\t\t\t<\/div>\n\t\t\t\t<div class=\"elementor-element elementor-element-113f3b6 elementor-widget elementor-widget-theme-post-excerpt\" data-id=\"113f3b6\" data-element_type=\"widget\" data-widget_type=\"theme-post-excerpt.default\">\n\t\t\t\t<div class=\"elementor-widget-container\">\n\t\t\tHay muchas variaciones de los pasajes de Lorem Ipsum disponibles, pero la mayor\u00eda sufri\u00f3 alteraciones en alguna manera, ya sea porque se le agreg\u00f3 humor, o palabras aleatorias que no\t\t<\/div>\n\t\t\t\t<\/div>\n\t\t\t\t<div class=\"elementor-element elementor-element-2c3d0f5 elementor-widget elementor-widget-button\" data-id=\"2c3d0f5\" data-element_type=\"widget\" data-widget_type=\"button.default\">\n\t\t\t\t<div class=\"elementor-widget-container\">\n\t\t\t\t\t<div class=\"elementor-button-wrapper\">\n\t\t\t<a class=\"elementor-button elementor-button-link elementor-size-sm\" href=\"https:\/\/fundaciontantakuy.org\/index.php\/2024\/02\/25\/segunda-entrada-de-texto\/\">\n\t\t\t\t\t\t<span class=\"elementor-button-content-wrapper\">\n\t\t\t\t\t\t<span class=\"elementor-button-text\">Leer mas...<\/span>\n\t\t<\/span>\n\t\t\t\t\t<\/a>\n\t\t<\/div>\n\t\t\t\t<\/div>\n\t\t\t\t<\/div>\n\t\t\t\t\t<\/div>\n\t\t\t\t<\/div>\n\t\t\t\t<\/div>\n\t\t\t\t<div data-elementor-type=\"loop-item\" data-elementor-id=\"462\" class=\"elementor elementor-462 e-loop-item e-loop-item-272 post-272 post type-post status-publish format-standard has-post-thumbnail hentry category-informes-textos\" data-elementor-post-type=\"elementor_library\" data-custom-edit-handle=\"1\">\n\t\t\t<div class=\"elementor-element elementor-element-cde0865 e-flex e-con-boxed e-con e-parent\" data-id=\"cde0865\" data-element_type=\"container\" data-settings=\"{&quot;content_width&quot;:&quot;boxed&quot;}\" data-core-v316-plus=\"true\">\n\t\t\t\t\t<div class=\"e-con-inner\">\n\t\t\t\t<div class=\"elementor-element elementor-element-4488cc6 elementor-widget elementor-widget-theme-post-featured-image elementor-widget-image\" data-id=\"4488cc6\" data-element_type=\"widget\" data-widget_type=\"theme-post-featured-image.default\">\n\t\t\t\t<div class=\"elementor-widget-container\">\n\t\t\t\t\t\t\t\t\t\t\t\t\t<img decoding=\"async\" width=\"683\" height=\"1024\" src=\"https:\/\/fundaciontantakuy.org\/wp-content\/uploads\/2024\/02\/neom-i60yUhfWeYI-unsplash-683x1024.jpg\" class=\"attachment-large size-large wp-image-273\" alt=\"\" srcset=\"https:\/\/fundaciontantakuy.org\/wp-content\/uploads\/2024\/02\/neom-i60yUhfWeYI-unsplash-683x1024.jpg 683w, https:\/\/fundaciontantakuy.org\/wp-content\/uploads\/2024\/02\/neom-i60yUhfWeYI-unsplash-200x300.jpg 200w, https:\/\/fundaciontantakuy.org\/wp-content\/uploads\/2024\/02\/neom-i60yUhfWeYI-unsplash-768x1152.jpg 768w, https:\/\/fundaciontantakuy.org\/wp-content\/uploads\/2024\/02\/neom-i60yUhfWeYI-unsplash-1024x1536.jpg 1024w, https:\/\/fundaciontantakuy.org\/wp-content\/uploads\/2024\/02\/neom-i60yUhfWeYI-unsplash-1365x2048.jpg 1365w, https:\/\/fundaciontantakuy.org\/wp-content\/uploads\/2024\/02\/neom-i60yUhfWeYI-unsplash-scaled.jpg 1707w\" sizes=\"(max-width: 683px) 100vw, 683px\" \/>\t\t\t\t\t\t\t\t\t\t\t\t\t<\/div>\n\t\t\t\t<\/div>\n\t\t\t\t<div class=\"elementor-element elementor-element-08444c7 elementor-widget elementor-widget-theme-post-title elementor-page-title elementor-widget-heading\" data-id=\"08444c7\" data-element_type=\"widget\" data-widget_type=\"theme-post-title.default\">\n\t\t\t\t<div class=\"elementor-widget-container\">\n\t\t\t<h3 class=\"elementor-heading-title elementor-size-default\">Entrada de textos<\/h3>\t\t<\/div>\n\t\t\t\t<\/div>\n\t\t\t\t<div class=\"elementor-element elementor-element-113f3b6 elementor-widget elementor-widget-theme-post-excerpt\" data-id=\"113f3b6\" data-element_type=\"widget\" data-widget_type=\"theme-post-excerpt.default\">\n\t\t\t\t<div class=\"elementor-widget-container\">\n\t\t\tHay muchas variaciones de los pasajes de Lorem Ipsum disponibles, pero la mayor\u00eda sufri\u00f3 alteraciones en alguna manera, ya sea porque se le agreg\u00f3 humor, o palabras aleatorias que no\t\t<\/div>\n\t\t\t\t<\/div>\n\t\t\t\t<div class=\"elementor-element elementor-element-2c3d0f5 elementor-widget elementor-widget-button\" data-id=\"2c3d0f5\" data-element_type=\"widget\" data-widget_type=\"button.default\">\n\t\t\t\t<div class=\"elementor-widget-container\">\n\t\t\t\t\t<div class=\"elementor-button-wrapper\">\n\t\t\t<a class=\"elementor-button elementor-button-link elementor-size-sm\" href=\"https:\/\/fundaciontantakuy.org\/index.php\/2024\/02\/25\/entrada-de-textos\/\">\n\t\t\t\t\t\t<span class=\"elementor-button-content-wrapper\">\n\t\t\t\t\t\t<span class=\"elementor-button-text\">Leer mas...<\/span>\n\t\t<\/span>\n\t\t\t\t\t<\/a>\n\t\t<\/div>\n\t\t\t\t<\/div>\n\t\t\t\t<\/div>\n\t\t\t\t\t<\/div>\n\t\t\t\t<\/div>\n\t\t\t\t<\/div>\n\t\t\t\t<\/div>\n\t\t\n\t\t\t\t<\/div>\n\t\t\t\t<\/div>\n\t\t\t\t\t<\/div>\n\t\t\t\t<\/div>\n\t\t\t\t<\/div>\n\t\t","protected":false},"excerpt":{"rendered":"<p>Informes| Textos Encuentra los mejores y mas actualizados informes sobre educaci\u00f3n aqui.<\/p>\n","protected":false},"author":1,"featured_media":0,"parent":0,"menu_order":0,"comment_status":"closed","ping_status":"closed","template":"","meta":{"site-sidebar-layout":"no-sidebar","site-content-layout":"","ast-site-content-layout":"full-width-container","site-content-style":"default","site-sidebar-style":"default","ast-global-header-display":"","ast-banner-title-visibility":"","ast-main-header-display":"","ast-hfb-above-header-display":"","ast-hfb-below-header-display":"","ast-hfb-mobile-header-display":"","site-post-title":"disabled","ast-breadcrumbs-content":"","ast-featured-img":"disabled","footer-sml-layout":"","theme-transparent-header-meta":"","adv-header-id-meta":"","stick-header-meta":"","header-above-stick-meta":"","header-main-stick-meta":"","header-below-stick-meta":"","astra-migrate-meta-layouts":"default","ast-page-background-enabled":"default","ast-page-background-meta":{"desktop":{"background-color":"var(--ast-global-color-4)","background-image":"","background-repeat":"repeat","background-position":"center center","background-size":"auto","background-attachment":"scroll","background-type":"","background-media":"","overlay-type":"","overlay-color":"","overlay-gradient":""},"tablet":{"background-color":"","background-image":"","background-repeat":"repeat","background-position":"center center","background-size":"auto","background-attachment":"scroll","background-type":"","background-media":"","overlay-type":"","overlay-color":"","overlay-gradient":""},"mobile":{"background-color":"","background-image":"","background-repeat":"repeat","background-position":"center center","background-size":"auto","background-attachment":"scroll","background-type":"","background-media":"","overlay-type":"","overlay-color":"","overlay-gradient":""}},"ast-content-background-meta":{"desktop":{"background-color":"var(--ast-global-color-5)","background-image":"","background-repeat":"repeat","background-position":"center center","background-size":"auto","background-attachment":"scroll","background-type":"","background-media":"","overlay-type":"","overlay-color":"","overlay-gradient":""},"tablet":{"background-color":"var(--ast-global-color-5)","background-image":"","background-repeat":"repeat","background-position":"center center","background-size":"auto","background-attachment":"scroll","background-type":"","background-media":"","overlay-type":"","overlay-color":"","overlay-gradient":""},"mobile":{"background-color":"var(--ast-global-color-5)","background-image":"","background-repeat":"repeat","background-position":"center center","background-size":"auto","background-attachment":"scroll","background-type":"","background-media":"","overlay-type":"","overlay-color":"","overlay-gradient":""}},"footnotes":""},"_links":{"self":[{"href":"https:\/\/fundaciontantakuy.org\/index.php\/wp-json\/wp\/v2\/pages\/173"}],"collection":[{"href":"https:\/\/fundaciontantakuy.org\/index.php\/wp-json\/wp\/v2\/pages"}],"about":[{"href":"https:\/\/fundaciontantakuy.org\/index.php\/wp-json\/wp\/v2\/types\/page"}],"author":[{"embeddable":true,"href":"https:\/\/fundaciontantakuy.org\/index.php\/wp-json\/wp\/v2\/users\/1"}],"replies":[{"embeddable":true,"href":"https:\/\/fundaciontantakuy.org\/index.php\/wp-json\/wp\/v2\/comments?post=173"}],"version-history":[{"count":4,"href":"https:\/\/fundaciontantakuy.org\/index.php\/wp-json\/wp\/v2\/pages\/173\/revisions"}],"predecessor-version":[{"id":483,"href":"https:\/\/fundaciontantakuy.org\/index.php\/wp-json\/wp\/v2\/pages\/173\/revisions\/483"}],"wp:attachment":[{"href":"https:\/\/fundaciontantakuy.org\/index.php\/wp-json\/wp\/v2\/media?parent=173"}],"curies":[{"name":"wp","href":"https:\/\/api.w.org\/{rel}","templated":true}]}}